{"id":168,"date":"2021-06-07T17:35:44","date_gmt":"2021-06-07T17:35:44","guid":{"rendered":"https:\/\/cinemoon.ch\/?page_id=168"},"modified":"2025-09-02T12:12:46","modified_gmt":"2025-09-02T12:12:46","slug":"sponsoren","status":"publish","type":"page","link":"https:\/\/cinemoon.ch\/index.php\/sponsoren\/","title":{"rendered":"Ohne euch geht es nicht"},"content":{"rendered":"<p>Wir sind sein Non-Profit Verein und finanzieren uns \u00fcberwiegend \u00fcber Sponsoren. Sie m\u00f6chten uns gerne unterst\u00fctzen? Unsere IBAN lautet:\u00a0 CH97 8080 8003 6873 4840 4, Verwendungszweck: Spende Cinemoon, oder benutzen Sie einfach den QR-Code:<\/p>\n<p><img fetchpriority=\"high\" decoding=\"async\" class=\"alignnone size-medium wp-image-799 aligncenter\" src=\"https:\/\/cinemoon.ch\/wp-content\/uploads\/2024\/11\/QR-TWINT-CInemoon-180x300.jpeg\" alt=\"\" width=\"180\" height=\"300\" srcset=\"https:\/\/cinemoon.ch\/wp-content\/uploads\/2024\/11\/QR-TWINT-CInemoon-180x300.jpeg 180w, https:\/\/cinemoon.ch\/wp-content\/uploads\/2024\/11\/QR-TWINT-CInemoon.jpeg 616w\" sizes=\"(max-width: 180px) 100vw, 180px\" \/><\/p>\n<p>Ausserdem sagen wir an dieser Stelle allen Sponsoren, G\u00f6nnern und Unterst\u00fctzern DANKE SCH\u00d6N!<\/p>\n<p><a href=\"https:\/\/www.vintec-gmbh.ch\/\" target=\"_blank\" rel=\"noopener\">Vintec<\/a><br \/>\n<a href=\"https:\/\/www.ga-weissenstein.ch\/\" target=\"_blank\" rel=\"noopener\">GA Weissenstein<\/a><br \/>\n<a href=\"https:\/\/www.raiffeisen.ch\/wasseramt-buchsi\/de\/ueber-uns\/ihre-bank-vor-ort.html\" target=\"_blank\" rel=\"noopener\">Raiffeisenbank Wasseramt Buchsi<\/a><br \/>\n<a href=\"https:\/\/azeiger.ch\/\" target=\"_blank\" rel=\"noopener\">Azeiger Solothurn<\/a><br \/>\n<a href=\"https:\/\/www.pneu-boegli.ch\/\" target=\"_blank\" rel=\"noopener\">Pneu B\u00f6gli Zuchwil<\/a><br \/>\n<a href=\"https:\/\/connys-reparatur-naeh-service.jimdosite.com\/ueber-mich\/\" target=\"_blank\" rel=\"noopener\">Conny&#8217;s Reparatur N\u00e4h-Service<\/a><br \/>\n<a href=\"https:\/\/www.drogerie-kriegstetten.ch\/\" target=\"_blank\" rel=\"noopener\">Drogerie Kilchenmann Kriegstetten<\/a><br \/>\n<a href=\"https:\/\/landi.swiss\/de-CH\/cooperative\/landi-buchsi\" target=\"_blank\" rel=\"noopener\">Landi Buchsi<\/a><br \/>\n<a href=\"https:\/\/www.gerlafingen.ch\/\" target=\"_blank\" rel=\"noopener\">Gemeinde Gerlafingen<\/a><br \/>\n<a href=\"https:\/\/www.flury-lohnarbeiten.com\/\" target=\"_blank\" rel=\"noopener\">Flury Lohnarbeiten<\/a><br \/>\n<a href=\"https:\/\/cinemoon.ch\/\" target=\"_blank\" rel=\"noopener\">Simon und Fabienne<\/a><br \/>\n<a href=\"https:\/\/druckereiwuethrich.ch\/\" target=\"_blank\" rel=\"noopener\">W\u00fcthrich Werbedruck<\/a><br \/>\n<a href=\"https:\/\/www.agroplanungen.ch\/\" target=\"_blank\" rel=\"noopener\">AGROplanungen<\/a><br \/>\n<a href=\"https:\/\/www.local.ch\/de\/d\/kriegstetten\/4566\/blumenladen\/blumen-maibach-z4rW95tdTQzPFHql-R7L4w\" target=\"_blank\" rel=\"noopener\">Blumen Maibach<\/a><br \/>\n<a href=\"https:\/\/www.udp.ch\/\" target=\"_blank\" rel=\"noopener\">Ueli der P\u00e4chter<\/a><br \/>\n<a href=\"https:\/\/www.sanitaer-friedli.ch\/home\" target=\"_blank\" rel=\"noopener\">Friedli Sanit\u00e4rinstallationen GmbH<\/a><br \/>\n<a href=\"https:\/\/www.fs-christen.ch\/\" target=\"_blank\" rel=\"noopener\">Facility Service Christen AG<\/a><br \/>\n<a href=\"https:\/\/www.mobiliar.ch\/\" target=\"_blank\" rel=\"noopener\">Schweizerische Mobiliar<\/a><br \/>\n<a href=\"https:\/\/www.reusser-transporte.ch\/\" target=\"_blank\" rel=\"noopener\">Reusser Transporte<\/a><br \/>\n<a href=\"https:\/\/www.axa.ch\/de\/privatkunden.html\" target=\"_blank\" rel=\"noopener\">AXA Versicherung und Vorsorge<\/a><br \/>\n<a href=\"https:\/\/www.werk5.ch\/\" target=\"_blank\" rel=\"noopener\">Werk5<\/a><br \/>\n<a href=\"https:\/\/www.zahnarzt-wolf.ch\/\" target=\"_blank\" rel=\"noopener\">Zahnarztpraxis Wolf<\/a><br \/>\n<a href=\"https:\/\/www.oekingen.ch\/arbeit\/gewerbeverzeichnis\/showData\/fusspflege-monika-rueegg\/firmen\" target=\"_blank\" rel=\"noopener\">Fusspflege Monika R\u00fcegg<\/a><br \/>\n<a href=\"https:\/\/www.eoh.ch\/\" target=\"_blank\" rel=\"noopener\">Elektra Oekingen Halten<\/a><br \/>\n<a href=\"https:\/\/www.reist-haushalt.ch\/de\" target=\"_blank\" rel=\"noopener\">Reist Haushalt<\/a><br \/>\n<a href=\"https:\/\/www.ortho-team.ch\/\" target=\"_blank\" rel=\"noopener\">Ortho Team<\/a><br \/>\n<a href=\"https:\/\/www.isk-gmbh.ch\/\" target=\"_blank\" rel=\"noopener\">ISK GmbH<\/a><br \/>\n<a href=\"https:\/\/search.ch\/tel\/halten\/hauptstrasse-7\/kurt-und-priska-steiner\" target=\"_blank\" rel=\"noopener\">Gartenholzerei Steiner GmbH<\/a><br \/>\n<a href=\"https:\/\/www.stampfliliechti-fleisch.ch\/\" target=\"_blank\" rel=\"noopener\">Stampfli Liechti Fleisch<\/a><br \/>\n<a href=\"https:\/\/www.braunbeer.ch\/\" target=\"_blank\" rel=\"noopener\">Braun Beer<\/a><br \/>\n<a href=\"https:\/\/www.sternen.ch\/?gad_source=1&amp;gad_campaignid=22331962982&amp;gclid=EAIaIQobChMIj5zMtPeHjwMVCJaDBx0JjD2NEAAYASAAEgKChvD_BwE\" target=\"_blank\" rel=\"noopener\">Restaurant Sternen Kriegstetten<\/a><br \/>\n<a href=\"https:\/\/www.schuhhaus-emch.ch\/\" target=\"_blank\" rel=\"noopener\">Schuhhaus Emch<\/a><br \/>\n<a href=\"https:\/\/www.kriegstetten.ch\/\" target=\"_blank\" rel=\"noopener\">Gemeinde Kriegstetten<\/a><br \/>\n<a href=\"https:\/\/www.sandi-gipsenmalen.ch\/\" target=\"_blank\" rel=\"noopener\">Sandi gipsen malen<\/a><br \/>\n<a href=\"https:\/\/storen-eigenheer.jimdofree.com\/\" target=\"_blank\" rel=\"noopener\">Eigenheer Storenbau<\/a><br \/>\n<a href=\"https:\/\/www.coop.ch\/de\/unternehmen\/standorte-und-oeffnungszeiten\/detail.html\/2430\/coop-supermarkt-kriegstetten.html?srsltid=AfmBOoox9bRlm-5kfKI4tq6aSEOR7GaG1GtnVQSt5OZf0WjKEV81O595\" target=\"_blank\" rel=\"noopener\">COOP Kriegstetten<\/a><br \/>\n<a href=\"https:\/\/vxco.ch\/\" target=\"_blank\" rel=\"noopener\">VXCO<\/a><\/p>\n<p>&nbsp;<\/p>\n<p>&nbsp;<\/p>\n","protected":false},"excerpt":{"rendered":"<p>Wir sind sein Non-Profit Verein und finanzieren uns \u00fcberwiegend \u00fcber Sponsoren. Sie m\u00f6chten uns gerne unterst\u00fctzen? Unsere IBAN lautet:\u00a0 CH97 8080 8003 6873 4840 4, Verwendungszweck: Spende Cinemoon, oder benutzen Sie einfach den QR-Code: Ausserdem sagen wir an dieser Stelle allen Sponsoren, G\u00f6nnern und Unterst\u00fctzern DANKE SCH\u00d6N! Vintec GA Weissenstein Raiffeisenbank Wasseramt Buchsi Azeiger Solothurn&#8230;<\/p>\n","protected":false},"author":2,"featured_media":0,"parent":0,"menu_order":0,"comment_status":"closed","ping_status":"closed","template":"","meta":{"_kadence_starter_templates_imported_post":false,"_kad_post_transparent":"default","_kad_post_title":"default","_kad_post_layout":"default","_kad_post_sidebar_id":"","_kad_post_content_style":"default","_kad_post_vertical_padding":"default","_kad_post_feature":"","_kad_post_feature_position":"","_kad_post_header":false,"_kad_post_footer":false,"_kad_post_classname":"","footnotes":""},"class_list":["post-168","page","type-page","status-publish","hentry"],"_links":{"self":[{"href":"https:\/\/cinemoon.ch\/index.php\/wp-json\/wp\/v2\/pages\/168","targetHints":{"allow":["GET"]}}],"collection":[{"href":"https:\/\/cinemoon.ch\/index.php\/wp-json\/wp\/v2\/pages"}],"about":[{"href":"https:\/\/cinemoon.ch\/index.php\/wp-json\/wp\/v2\/types\/page"}],"author":[{"embeddable":true,"href":"https:\/\/cinemoon.ch\/index.php\/wp-json\/wp\/v2\/users\/2"}],"replies":[{"embeddable":true,"href":"https:\/\/cinemoon.ch\/index.php\/wp-json\/wp\/v2\/comments?post=168"}],"version-history":[{"count":134,"href":"https:\/\/cinemoon.ch\/index.php\/wp-json\/wp\/v2\/pages\/168\/revisions"}],"predecessor-version":[{"id":952,"href":"https:\/\/cinemoon.ch\/index.php\/wp-json\/wp\/v2\/pages\/168\/revisions\/952"}],"wp:attachment":[{"href":"https:\/\/cinemoon.ch\/index.php\/wp-json\/wp\/v2\/media?parent=168"}],"curies":[{"name":"wp","href":"https:\/\/api.w.org\/{rel}","templated":true}]}}