{"id":150,"date":"2021-06-07T16:27:30","date_gmt":"2021-06-07T16:27:30","guid":{"rendered":"https:\/\/cinemoon.ch\/?page_id=150"},"modified":"2025-01-28T14:52:57","modified_gmt":"2025-01-28T14:52:57","slug":"unser-verein","status":"publish","type":"page","link":"https:\/\/cinemoon.ch\/index.php\/unser-verein\/","title":{"rendered":"Unser Verein"},"content":{"rendered":"<p>Im April 2019 gegr\u00fcndet konnten wir im gleichen Jahr unser erstes Openair-Kino erfolgreich durchf\u00fchren. Wegen der Covid19-Situation, mussten auch wir 2020 pausieren. Seit 2021 sind wir wieder dabei und werden 2025 unseren Anlass schon zum sechsten Mal durchf\u00fchren.<br \/>\nWir, das sind:<\/p>\n<ul>\n<li style=\"text-align: left;\">Bettina Krebs, Pr\u00e4sidentin, Homepage<\/li>\n<li style=\"text-align: left;\">Tina Gerber, Vizepr\u00e4sidentin, Gastronomie<\/li>\n<li style=\"text-align: left;\">Core Noll, Finanzen<\/li>\n<li style=\"text-align: left;\">Pablo Frei, Infrastruktur<\/li>\n<li style=\"text-align: left;\">Leo Krebs, Soziale Medien und \u00d6ffentlichkeitsarbeit<\/li>\n<li style=\"text-align: left;\">Conny Studer, Werbung und Sponsoren<\/li>\n<li style=\"text-align: left;\">Fabe In\u00e4bnit, Aktuarin<\/li>\n<\/ul>\n<p>Wir wollen den Besuchern ein kulturelles Angebot bieten, das es so in dieser Region noch nicht gibt.<br \/>\nAm letzten Wochenende des Monats August ist es den Besuchern m\u00f6glich, abends ab D\u00e4mmerung einen Film unter freiem Himmel zu geniessen. Derzeit ist unser Veranstaltungsort der Turm zu Halten.<\/p>\n<p style=\"text-align: left;\">Wir freuen uns auf euren Besuch!<\/p>\n","protected":false},"excerpt":{"rendered":"<p>Im April 2019 gegr\u00fcndet konnten wir im gleichen Jahr unser erstes Openair-Kino erfolgreich durchf\u00fchren. Wegen der Covid19-Situation, mussten auch wir 2020 pausieren. Seit 2021 sind wir wieder dabei und werden 2025 unseren Anlass schon zum sechsten Mal durchf\u00fchren. Wir, das sind: Bettina Krebs, Pr\u00e4sidentin, Homepage Tina Gerber, Vizepr\u00e4sidentin, Gastronomie Core Noll, Finanzen Pablo Frei, Infrastruktur&#8230;<\/p>\n","protected":false},"author":2,"featured_media":0,"parent":0,"menu_order":0,"comment_status":"closed","ping_status":"closed","template":"","meta":{"_kadence_starter_templates_imported_post":false,"_kad_post_transparent":"default","_kad_post_title":"default","_kad_post_layout":"default","_kad_post_sidebar_id":"","_kad_post_content_style":"default","_kad_post_vertical_padding":"default","_kad_post_feature":"","_kad_post_feature_position":"","_kad_post_header":false,"_kad_post_footer":false,"_kad_post_classname":"","footnotes":""},"class_list":["post-150","page","type-page","status-publish","hentry"],"_links":{"self":[{"href":"https:\/\/cinemoon.ch\/index.php\/wp-json\/wp\/v2\/pages\/150","targetHints":{"allow":["GET"]}}],"collection":[{"href":"https:\/\/cinemoon.ch\/index.php\/wp-json\/wp\/v2\/pages"}],"about":[{"href":"https:\/\/cinemoon.ch\/index.php\/wp-json\/wp\/v2\/types\/page"}],"author":[{"embeddable":true,"href":"https:\/\/cinemoon.ch\/index.php\/wp-json\/wp\/v2\/users\/2"}],"replies":[{"embeddable":true,"href":"https:\/\/cinemoon.ch\/index.php\/wp-json\/wp\/v2\/comments?post=150"}],"version-history":[{"count":20,"href":"https:\/\/cinemoon.ch\/index.php\/wp-json\/wp\/v2\/pages\/150\/revisions"}],"predecessor-version":[{"id":805,"href":"https:\/\/cinemoon.ch\/index.php\/wp-json\/wp\/v2\/pages\/150\/revisions\/805"}],"wp:attachment":[{"href":"https:\/\/cinemoon.ch\/index.php\/wp-json\/wp\/v2\/media?parent=150"}],"curies":[{"name":"wp","href":"https:\/\/api.w.org\/{rel}","templated":true}]}}